{"id":159,"date":"2022-08-24T04:31:54","date_gmt":"2022-08-24T04:31:54","guid":{"rendered":"http:\/\/redcomcr.org\/?page_id=159"},"modified":"2022-09-07T00:29:42","modified_gmt":"2022-09-07T00:29:42","slug":"concertacion-regional-de-gestion-de-rresgos","status":"publish","type":"page","link":"https:\/\/www.redcomcr.org\/?page_id=159","title":{"rendered":"Alianzas"},"content":{"rendered":"\n<p>La <strong><a href=\"http:\/\/redcomcr.org\/\">RedCom-CR<\/a><\/strong> es parte de los siguientes espacios centroamericanos de articulaci\u00f3n de sociedad civil: <\/p>\n\n\n\n<p><strong><a href=\"https:\/\/crgrcentroamerica.org\/\">Concertaci\u00f3n Regional para la Gesti\u00f3n de Riesgos (CRGR)<\/a><\/strong>, red de redes que se constituye como una iniciativa aut\u00f3noma, independiente, abierta y permanente, actualmente constituida de cinco Mesas Nacionales de Gesti\u00f3n de Riesgos, con enfoques, principios y objetivos compartidos.<\/p>\n\n\n\n<p><\/p>\n\n\n\n<p><strong><a href=\"http:\/\/centroamericavulnerable.org\/\">Foro Centroam\u00e9rica Vulnerable Unida por la Vida<\/a><\/strong>, iniciativa que este 2022 arrib\u00f3 a sus 13 a\u00f1os. Alrededor de 200 organizaciones y movimientos sociales de Centroam\u00e9rica propiciamos un dialogo permanente cuya misi\u00f3n es: posicionar en los espacios de negociaci\u00f3n y participaci\u00f3n nacionales o internacionales a Centroam\u00e9rica como una de las regiones m\u00e1s vulnerables ante los impactos negativos del cambio clim\u00e1tico,  contribuyendo a que nuestros esfuerzos sean consecuentes con esta condici\u00f3n y trabajar incansablemente para reducirla.<\/p>\n\n\n\n<p><\/p>\n\n\n\n<p><\/p>\n","protected":false},"excerpt":{"rendered":"<p>La RedCom-CR es parte de los siguientes espacios centroamericanos de articulaci\u00f3n de sociedad civil: Concertaci\u00f3n Regional para la Gesti\u00f3n de Riesgos (CRGR), red de redes que se constituye como una iniciativa aut\u00f3noma, independiente, abierta y permanente, actualmente constituida de cinco Mesas Nacionales de Gesti\u00f3n de Riesgos, con enfoques, principios y objetivos compartidos. Foro Centroam\u00e9rica Vulnerable [&hellip;]<\/p>\n","protected":false},"author":1,"featured_media":0,"parent":0,"menu_order":0,"comment_status":"closed","ping_status":"closed","template":"","meta":{"footnotes":""},"class_list":["post-159","page","type-page","status-publish","hentry"],"_links":{"self":[{"href":"https:\/\/www.redcomcr.org\/index.php?rest_route=\/wp\/v2\/pages\/159","targetHints":{"allow":["GET"]}}],"collection":[{"href":"https:\/\/www.redcomcr.org\/index.php?rest_route=\/wp\/v2\/pages"}],"about":[{"href":"https:\/\/www.redcomcr.org\/index.php?rest_route=\/wp\/v2\/types\/page"}],"author":[{"embeddable":true,"href":"https:\/\/www.redcomcr.org\/index.php?rest_route=\/wp\/v2\/users\/1"}],"replies":[{"embeddable":true,"href":"https:\/\/www.redcomcr.org\/index.php?rest_route=%2Fwp%2Fv2%2Fcomments&post=159"}],"version-history":[{"count":9,"href":"https:\/\/www.redcomcr.org\/index.php?rest_route=\/wp\/v2\/pages\/159\/revisions"}],"predecessor-version":[{"id":216,"href":"https:\/\/www.redcomcr.org\/index.php?rest_route=\/wp\/v2\/pages\/159\/revisions\/216"}],"wp:attachment":[{"href":"https:\/\/www.redcomcr.org\/index.php?rest_route=%2Fwp%2Fv2%2Fmedia&parent=159"}],"curies":[{"name":"wp","href":"https:\/\/api.w.org\/{rel}","templated":true}]}}