{"id":36,"date":"2022-08-24T00:42:08","date_gmt":"2022-08-24T00:42:08","guid":{"rendered":"https:\/\/redcomcr.org\/?page_id=36"},"modified":"2022-08-24T04:19:32","modified_gmt":"2022-08-24T04:19:32","slug":"mision","status":"publish","type":"page","link":"https:\/\/www.redcomcr.org\/?page_id=36","title":{"rendered":"Misi\u00f3n y visi\u00f3n"},"content":{"rendered":"\n<p><strong>Misi\u00f3n<\/strong><\/p>\n\n\n\n<p><\/p>\n\n\n\n<p>Impulsar los procesos de participaci\u00f3n ciudadana, fortalecimiento de capacidades e incidencia en las pol\u00edticas p\u00fablicas, a fin de transformar las causas que generan la vulnerabilidad, reducir el impacto de los desastres y aumentar la resiliencia comunitaria, bajo el enfoque de derechos en la acci\u00f3n humanitaria.<\/p>\n\n\n\n<p><strong>Visi\u00f3n<\/strong><\/p>\n\n\n\n<p>Ser referentes con capacidad de incidencia para la incorporaci\u00f3n y transversalidad de la gesti\u00f3n de riesgos con enfoque de derechos en los procesos de desarrollo humano y las pol\u00edticas p\u00fablicas a nivel local, nacional y regional.<\/p>\n","protected":false},"excerpt":{"rendered":"<p>Misi\u00f3n Impulsar los procesos de participaci\u00f3n ciudadana, fortalecimiento de capacidades e incidencia en las pol\u00edticas p\u00fablicas, a fin de transformar las causas que generan la vulnerabilidad, reducir el impacto de los desastres y aumentar la resiliencia comunitaria, bajo el enfoque de derechos en la acci\u00f3n humanitaria. Visi\u00f3n Ser referentes con capacidad de incidencia para la [&hellip;]<\/p>\n","protected":false},"author":1,"featured_media":0,"parent":0,"menu_order":0,"comment_status":"closed","ping_status":"closed","template":"","meta":{"footnotes":""},"class_list":["post-36","page","type-page","status-publish","hentry"],"_links":{"self":[{"href":"https:\/\/www.redcomcr.org\/index.php?rest_route=\/wp\/v2\/pages\/36","targetHints":{"allow":["GET"]}}],"collection":[{"href":"https:\/\/www.redcomcr.org\/index.php?rest_route=\/wp\/v2\/pages"}],"about":[{"href":"https:\/\/www.redcomcr.org\/index.php?rest_route=\/wp\/v2\/types\/page"}],"author":[{"embeddable":true,"href":"https:\/\/www.redcomcr.org\/index.php?rest_route=\/wp\/v2\/users\/1"}],"replies":[{"embeddable":true,"href":"https:\/\/www.redcomcr.org\/index.php?rest_route=%2Fwp%2Fv2%2Fcomments&post=36"}],"version-history":[{"count":4,"href":"https:\/\/www.redcomcr.org\/index.php?rest_route=\/wp\/v2\/pages\/36\/revisions"}],"predecessor-version":[{"id":152,"href":"https:\/\/www.redcomcr.org\/index.php?rest_route=\/wp\/v2\/pages\/36\/revisions\/152"}],"wp:attachment":[{"href":"https:\/\/www.redcomcr.org\/index.php?rest_route=%2Fwp%2Fv2%2Fmedia&parent=36"}],"curies":[{"name":"wp","href":"https:\/\/api.w.org\/{rel}","templated":true}]}}