{"id":38,"date":"2022-08-24T00:42:08","date_gmt":"2022-08-24T00:42:08","guid":{"rendered":"https:\/\/redcomcr.org\/?page_id=38"},"modified":"2022-08-24T04:18:08","modified_gmt":"2022-08-24T04:18:08","slug":"membresia","status":"publish","type":"page","link":"https:\/\/www.redcomcr.org\/?page_id=38","title":{"rendered":"Organizaciones socias"},"content":{"rendered":"\n<p><strong>Asociaci\u00f3n de Derechos Comunitarios Coordinadora Norte Tierra y Libertad<\/strong>, asociaci\u00f3n costarricense sin fines de lucro,&nbsp; debidamente inscrita en Registro Nacional de Costa Rica, con c\u00e9dula jur\u00eddica 3-002-789926.<\/p>\n\n\n\n<p><strong>Asociaci\u00f3n de Iniciativas Populares Dits\u00f6<\/strong>, asociaci\u00f3n costarricense sin fines de lucro,&nbsp; debidamente inscrita en Registro Nacional de Costa Rica, con c\u00e9dula jur\u00eddica 3-002-331587.<\/p>\n\n\n\n<p><strong>Organizaci\u00f3n &nbsp;de Mujeres Mano de Tigre Orcuo Db\u00f6n<\/strong>, sociedad civil costarricense debidamente inscrita en Registro Nacional de Costa Rica, con c\u00e9dula jur\u00eddica &nbsp;3- 106-387623.<\/p>\n\n\n\n<p><strong>Consejo de Mayores y Mayoras Iriria Jt\u00ebcho Wakpa<\/strong>, organizaci\u00f3n aut\u00f3ctona y aut\u00f3noma del Territorio Ind\u00edgena Iriria Bribri S\u00e1 K\u00e1, \u00f3rgano de justicia tradicional dentro del territorio conocido como Cabagra.<\/p>\n","protected":false},"excerpt":{"rendered":"<p>Asociaci\u00f3n de Derechos Comunitarios Coordinadora Norte Tierra y Libertad, asociaci\u00f3n costarricense sin fines de lucro,&nbsp; debidamente inscrita en Registro Nacional de Costa Rica, con c\u00e9dula jur\u00eddica 3-002-789926. Asociaci\u00f3n de Iniciativas Populares Dits\u00f6, asociaci\u00f3n costarricense sin fines de lucro,&nbsp; debidamente inscrita en Registro Nacional de Costa Rica, con c\u00e9dula jur\u00eddica 3-002-331587. Organizaci\u00f3n &nbsp;de Mujeres Mano de [&hellip;]<\/p>\n","protected":false},"author":1,"featured_media":0,"parent":0,"menu_order":0,"comment_status":"closed","ping_status":"closed","template":"","meta":{"footnotes":""},"class_list":["post-38","page","type-page","status-publish","hentry"],"_links":{"self":[{"href":"https:\/\/www.redcomcr.org\/index.php?rest_route=\/wp\/v2\/pages\/38","targetHints":{"allow":["GET"]}}],"collection":[{"href":"https:\/\/www.redcomcr.org\/index.php?rest_route=\/wp\/v2\/pages"}],"about":[{"href":"https:\/\/www.redcomcr.org\/index.php?rest_route=\/wp\/v2\/types\/page"}],"author":[{"embeddable":true,"href":"https:\/\/www.redcomcr.org\/index.php?rest_route=\/wp\/v2\/users\/1"}],"replies":[{"embeddable":true,"href":"https:\/\/www.redcomcr.org\/index.php?rest_route=%2Fwp%2Fv2%2Fcomments&post=38"}],"version-history":[{"count":3,"href":"https:\/\/www.redcomcr.org\/index.php?rest_route=\/wp\/v2\/pages\/38\/revisions"}],"predecessor-version":[{"id":150,"href":"https:\/\/www.redcomcr.org\/index.php?rest_route=\/wp\/v2\/pages\/38\/revisions\/150"}],"wp:attachment":[{"href":"https:\/\/www.redcomcr.org\/index.php?rest_route=%2Fwp%2Fv2%2Fmedia&parent=38"}],"curies":[{"name":"wp","href":"https:\/\/api.w.org\/{rel}","templated":true}]}}