{"id":9,"date":"2022-08-23T23:45:54","date_gmt":"2022-08-23T23:45:54","guid":{"rendered":"https:\/\/redcomcr.org\/?page_id=9"},"modified":"2022-09-07T02:49:24","modified_gmt":"2022-09-07T02:49:24","slug":"quienes-somos","status":"publish","type":"page","link":"https:\/\/www.redcomcr.org\/?page_id=9","title":{"rendered":"\u00bfQui\u00e9nes somos?"},"content":{"rendered":"\n<p>La <strong>RedCom-CR <\/strong>es un espacio de coordinaci\u00f3n y articulaci\u00f3n de sociedad civil, cuyo objetivo general es: \u201cContribuir, bajo un enfoque territorial y de derecho humanitario e igualdad de g\u00e9nero, con la construcci\u00f3n de estrategias comunitarias de gesti\u00f3n social de riesgos en Costa Rica\u201d.<\/p>\n\n\n\n<p>Trabaja con el enfoque de la Gesti\u00f3n Social de Riesgos, que nos permite entender que los riesgos son factores inherentes a los procesos de desarrollo y que desde esta dimensi\u00f3n se pueden gestionar y prevenir, para replantear las estrategias de afrontamiento e incidir en la reducci\u00f3n de los mismos.<\/p>\n\n\n\n<p>Desde el a\u00f1o 2022 forma parte de la <a href=\"https:\/\/crgrcentroamerica.org\/\">Concertaci\u00f3n Regional de Gesti\u00f3n de Riesgos<\/a>, compartiendo sus principios en trabajo humanitario: igualdad, no discriminaci\u00f3n, transparencia, no violencia contra la mujer, respeto al medio ambiente y de acci\u00f3n sin da\u00f1o, adem\u00e1s de los valores de compromiso humano, solidaridad, equidad de g\u00e9nero, respeto a la diversidad, cooperaci\u00f3n, responsabilidad y participaci\u00f3n responsable desde la sociedad civil centroamericana.  <\/p>\n","protected":false},"excerpt":{"rendered":"<p>La RedCom-CR es un espacio de coordinaci\u00f3n y articulaci\u00f3n de sociedad civil, cuyo objetivo general es: \u201cContribuir, bajo un enfoque territorial y de derecho humanitario e igualdad de g\u00e9nero, con la construcci\u00f3n de estrategias comunitarias de gesti\u00f3n social de riesgos en Costa Rica\u201d. Trabaja con el enfoque de la Gesti\u00f3n Social de Riesgos, que nos [&hellip;]<\/p>\n","protected":false},"author":1,"featured_media":0,"parent":0,"menu_order":0,"comment_status":"closed","ping_status":"closed","template":"","meta":{"footnotes":""},"class_list":["post-9","page","type-page","status-publish","hentry"],"_links":{"self":[{"href":"https:\/\/www.redcomcr.org\/index.php?rest_route=\/wp\/v2\/pages\/9","targetHints":{"allow":["GET"]}}],"collection":[{"href":"https:\/\/www.redcomcr.org\/index.php?rest_route=\/wp\/v2\/pages"}],"about":[{"href":"https:\/\/www.redcomcr.org\/index.php?rest_route=\/wp\/v2\/types\/page"}],"author":[{"embeddable":true,"href":"https:\/\/www.redcomcr.org\/index.php?rest_route=\/wp\/v2\/users\/1"}],"replies":[{"embeddable":true,"href":"https:\/\/www.redcomcr.org\/index.php?rest_route=%2Fwp%2Fv2%2Fcomments&post=9"}],"version-history":[{"count":9,"href":"https:\/\/www.redcomcr.org\/index.php?rest_route=\/wp\/v2\/pages\/9\/revisions"}],"predecessor-version":[{"id":214,"href":"https:\/\/www.redcomcr.org\/index.php?rest_route=\/wp\/v2\/pages\/9\/revisions\/214"}],"wp:attachment":[{"href":"https:\/\/www.redcomcr.org\/index.php?rest_route=%2Fwp%2Fv2%2Fmedia&parent=9"}],"curies":[{"name":"wp","href":"https:\/\/api.w.org\/{rel}","templated":true}]}}